{"id":11898,"date":"2024-05-07T07:40:28","date_gmt":"2024-05-07T07:40:28","guid":{"rendered":"https:\/\/heinrichschulte.de\/?page_id=11898"},"modified":"2024-05-07T15:33:19","modified_gmt":"2024-05-07T15:33:19","slug":"garantie","status":"publish","type":"page","link":"https:\/\/heinrichschulte.de\/?page_id=11898","title":{"rendered":"Garantie"},"content":{"rendered":"\t\t<div data-elementor-type=\"wp-page\" data-elementor-id=\"11898\" class=\"elementor elementor-11898\" data-elementor-post-type=\"page\">\n\t\t\t\t<div class=\"elementor-element elementor-element-8c0e917 e-flex e-con-boxed e-con e-parent\" data-id=\"8c0e917\" data-element_type=\"container\" data-e-type=\"container\" data-settings=\"{&quot;background_background&quot;:&quot;slideshow&quot;,&quot;jet_parallax_layout_list&quot;:[],&quot;background_slideshow_gallery&quot;:[{&quot;id&quot;:3322,&quot;url&quot;:&quot;https:\\\/\\\/heinrichschulte.de\\\/wp-content\\\/uploads\\\/grafiken\\\/grafiken-augen\\\/2024_augen_2500px.webp&quot;}],&quot;background_slideshow_loop&quot;:&quot;yes&quot;,&quot;background_slideshow_slide_duration&quot;:5000,&quot;background_slideshow_slide_transition&quot;:&quot;fade&quot;,&quot;background_slideshow_transition_duration&quot;:500}\">\n\t\t\t\t\t<div class=\"e-con-inner\">\n\t\t<div class=\"elementor-element elementor-element-e77f8c6 e-con-full e-flex e-con e-child\" data-id=\"e77f8c6\" data-element_type=\"container\" data-e-type=\"container\" data-settings=\"{&quot;jet_parallax_layout_list&quot;:[]}\">\n\t\t\t\t<div class=\"elementor-element elementor-element-68a0320 elementor-invisible elementor-widget elementor-widget-heading\" data-id=\"68a0320\" data-element_type=\"widget\" data-e-type=\"widget\" data-settings=\"{&quot;_animation&quot;:&quot;fadeInLeft&quot;}\" data-widget_type=\"heading.default\">\n\t\t\t\t<div class=\"elementor-widget-container\">\n\t\t\t\t\t<h4 class=\"elementor-heading-title elementor-size-default\">heinrichschulte<\/h4>\t\t\t\t<\/div>\n\t\t\t\t<\/div>\n\t\t\t\t<div class=\"elementor-element elementor-element-fbde1ae elementor-invisible elementor-widget elementor-widget-heading\" data-id=\"fbde1ae\" data-element_type=\"widget\" data-e-type=\"widget\" data-settings=\"{&quot;_animation&quot;:&quot;fadeInLeft&quot;,&quot;_animation_delay&quot;:100}\" data-widget_type=\"heading.default\">\n\t\t\t\t<div class=\"elementor-widget-container\">\n\t\t\t\t\t<h2 class=\"elementor-heading-title elementor-size-default\">Unser Garantieversprechen<\/h2>\t\t\t\t<\/div>\n\t\t\t\t<\/div>\n\t\t\t\t<\/div>\n\t\t<div class=\"elementor-element elementor-element-8669859 e-con-full e-flex elementor-invisible e-con e-child\" data-id=\"8669859\" data-element_type=\"container\" data-e-type=\"container\" data-settings=\"{&quot;jet_parallax_layout_list&quot;:[],&quot;animation&quot;:&quot;fadeInRight&quot;}\">\n\t\t\t\t<div class=\"elementor-element elementor-element-384aec1 elementor-invisible elementor-widget elementor-widget-image\" data-id=\"384aec1\" data-element_type=\"widget\" data-e-type=\"widget\" data-settings=\"{&quot;_animation&quot;:&quot;fadeInRight&quot;}\" data-widget_type=\"image.default\">\n\t\t\t\t<div class=\"elementor-widget-container\">\n\t\t\t\t\t\t\t\t\t\t\t\t\t\t\t<img fetchpriority=\"high\" decoding=\"async\" width=\"768\" height=\"768\" src=\"https:\/\/heinrichschulte.de\/wp-content\/uploads\/bilder\/produktbilder-webp\/z055002-00010-1-768x768.webp\" class=\"attachment-medium_large size-medium_large wp-image-1257\" alt=\"\" srcset=\"https:\/\/heinrichschulte.de\/wp-content\/uploads\/bilder\/produktbilder-webp\/z055002-00010-1-768x768.webp 768w, https:\/\/heinrichschulte.de\/wp-content\/uploads\/bilder\/produktbilder-webp\/z055002-00010-1-300x300.webp 300w, https:\/\/heinrichschulte.de\/wp-content\/uploads\/bilder\/produktbilder-webp\/z055002-00010-1-1024x1024.webp 1024w, https:\/\/heinrichschulte.de\/wp-content\/uploads\/bilder\/produktbilder-webp\/z055002-00010-1-150x150.webp 150w, https:\/\/heinrichschulte.de\/wp-content\/uploads\/bilder\/produktbilder-webp\/z055002-00010-1-1536x1536.webp 1536w, https:\/\/heinrichschulte.de\/wp-content\/uploads\/bilder\/produktbilder-webp\/z055002-00010-1-600x600.webp 600w, https:\/\/heinrichschulte.de\/wp-content\/uploads\/bilder\/produktbilder-webp\/z055002-00010-1-100x100.webp 100w, https:\/\/heinrichschulte.de\/wp-content\/uploads\/bilder\/produktbilder-webp\/z055002-00010-1.webp 1800w\" sizes=\"(max-width: 768px) 100vw, 768px\" \/>\t\t\t\t\t\t\t\t\t\t\t\t\t\t\t<\/div>\n\t\t\t\t<\/div>\n\t\t\t\t<\/div>\n\t\t\t\t\t<\/div>\n\t\t\t\t<\/div>\n\t\t<div class=\"elementor-element elementor-element-632be99 e-flex e-con-boxed e-con e-parent\" data-id=\"632be99\" data-element_type=\"container\" data-e-type=\"container\" data-settings=\"{&quot;jet_parallax_layout_list&quot;:[]}\">\n\t\t\t\t\t<div class=\"e-con-inner\">\n\t\t<div class=\"elementor-element elementor-element-ec7b173 e-con-full e-flex elementor-invisible e-con e-child\" data-id=\"ec7b173\" data-element_type=\"container\" data-e-type=\"container\" data-settings=\"{&quot;jet_parallax_layout_list&quot;:[],&quot;animation&quot;:&quot;fadeInLeft&quot;}\">\n\t\t\t\t<div class=\"elementor-element elementor-element-caea683 elementor-widget elementor-widget-heading\" data-id=\"caea683\" data-element_type=\"widget\" data-e-type=\"widget\" data-widget_type=\"heading.default\">\n\t\t\t\t<div class=\"elementor-widget-container\">\n\t\t\t\t\t<h2 class=\"elementor-heading-title elementor-size-default\">F\u00fcnf Jahre freiwillige Herstellergarantie<\/h2>\t\t\t\t<\/div>\n\t\t\t\t<\/div>\n\t\t\t\t<\/div>\n\t\t<div class=\"elementor-element elementor-element-572f0e8 e-con-full e-flex elementor-invisible e-con e-child\" data-id=\"572f0e8\" data-element_type=\"container\" data-e-type=\"container\" data-settings=\"{&quot;jet_parallax_layout_list&quot;:[],&quot;animation&quot;:&quot;fadeInRight&quot;}\">\n\t\t\t\t<div class=\"elementor-element elementor-element-d277ed8 elementor-widget elementor-widget-text-editor\" data-id=\"d277ed8\" data-element_type=\"widget\" data-e-type=\"widget\" data-widget_type=\"text-editor.default\">\n\t\t\t\t<div class=\"elementor-widget-container\">\n\t\t\t\t\t\t\t\t\t<p>Unseren Kunden jederzeit h\u00f6chste Qualit\u00e4t zu bieten, ist ein elementarer Bestandteil der heinrichschulte Unternehmensphilosophie.<\/p><p>Daher bieten wir unseren Kunden unabh\u00e4ngig von den Anspr\u00fcchen, die ihnen gegen\u00fcber ihrem Verk\u00e4ufer zustehen, eine freiwillige Herstellergarantie von f\u00fcnf Jahren auf unsere Produkte.<\/p>\t\t\t\t\t\t\t\t<\/div>\n\t\t\t\t<\/div>\n\t\t\t\t<\/div>\n\t\t\t\t\t<\/div>\n\t\t\t\t<\/div>\n\t\t<div class=\"elementor-element elementor-element-99f625c e-flex e-con-boxed e-con e-parent\" data-id=\"99f625c\" data-element_type=\"container\" data-e-type=\"container\" data-settings=\"{&quot;jet_parallax_layout_list&quot;:[]}\">\n\t\t\t\t\t<div class=\"e-con-inner\">\n\t\t<div class=\"elementor-element elementor-element-926302c e-con-full e-flex elementor-invisible e-con e-child\" data-id=\"926302c\" data-element_type=\"container\" data-e-type=\"container\" data-settings=\"{&quot;jet_parallax_layout_list&quot;:[],&quot;animation&quot;:&quot;fadeInLeft&quot;,&quot;animation_delay&quot;:100}\">\n\t\t\t\t<div class=\"elementor-element elementor-element-ee9a73c elementor-widget elementor-widget-heading\" data-id=\"ee9a73c\" data-element_type=\"widget\" data-e-type=\"widget\" data-widget_type=\"heading.default\">\n\t\t\t\t<div class=\"elementor-widget-container\">\n\t\t\t\t\t<h2 class=\"elementor-heading-title elementor-size-default\">Zehn Jahre Nachkaufgarantie<\/h2>\t\t\t\t<\/div>\n\t\t\t\t<\/div>\n\t\t\t\t<\/div>\n\t\t<div class=\"elementor-element elementor-element-9e6cc1c e-con-full e-flex elementor-invisible e-con e-child\" data-id=\"9e6cc1c\" data-element_type=\"container\" data-e-type=\"container\" data-settings=\"{&quot;jet_parallax_layout_list&quot;:[],&quot;animation&quot;:&quot;fadeInRight&quot;,&quot;animation_delay&quot;:100}\">\n\t\t\t\t<div class=\"elementor-element elementor-element-ecb2593 elementor-widget elementor-widget-text-editor\" data-id=\"ecb2593\" data-element_type=\"widget\" data-e-type=\"widget\" data-widget_type=\"text-editor.default\">\n\t\t\t\t<div class=\"elementor-widget-container\">\n\t\t\t\t\t\t\t\t\t<p>F\u00fcr Ersatzteile geben wir eine 10 \u2013 j\u00e4hrige Nachkaufgarantie nach Produktionseinstellung.<\/p>\t\t\t\t\t\t\t\t<\/div>\n\t\t\t\t<\/div>\n\t\t\t\t<\/div>\n\t\t\t\t\t<\/div>\n\t\t\t\t<\/div>\n\t\t<div class=\"elementor-element elementor-element-9310885 e-flex e-con-boxed e-con e-parent\" data-id=\"9310885\" data-element_type=\"container\" data-e-type=\"container\" data-settings=\"{&quot;background_background&quot;:&quot;gradient&quot;,&quot;jet_parallax_layout_list&quot;:[]}\">\n\t\t\t\t\t<div class=\"e-con-inner\">\n\t\t<div class=\"elementor-element elementor-element-7f4ba4f e-flex e-con-boxed elementor-invisible e-con e-child\" data-id=\"7f4ba4f\" data-element_type=\"container\" data-e-type=\"container\" data-settings=\"{&quot;background_background&quot;:&quot;gradient&quot;,&quot;jet_parallax_layout_list&quot;:[],&quot;animation&quot;:&quot;fadeInUp&quot;}\">\n\t\t\t\t\t<div class=\"e-con-inner\">\n\t\t\t\t<div class=\"elementor-element elementor-element-4e05f90 elementor-widget elementor-widget-heading\" data-id=\"4e05f90\" data-element_type=\"widget\" data-e-type=\"widget\" data-widget_type=\"heading.default\">\n\t\t\t\t<div class=\"elementor-widget-container\">\n\t\t\t\t\t<h2 class=\"elementor-heading-title elementor-size-default\">Garantiebedingungen<\/h2>\t\t\t\t<\/div>\n\t\t\t\t<\/div>\n\t\t\t\t<div class=\"elementor-element elementor-element-0871c0c elementor-widget elementor-widget-text-editor\" data-id=\"0871c0c\" data-element_type=\"widget\" data-e-type=\"widget\" data-widget_type=\"text-editor.default\">\n\t\t\t\t<div class=\"elementor-widget-container\">\n\t\t\t\t\t\t\t\t\t<p>Sie bezieht sich ausschlie\u00dflich auf Material- und Herstellungsm\u00e4ngel. Es wird keine Gew\u00e4hr \u00fcbernommen f\u00fcr Sch\u00e4den oder M\u00e4ngel, die aus nachfolgenden Gr\u00fcnden entstanden sind:<\/p><ul><li>Ungeeignete oder unsachgem\u00e4\u00dfe Verwendung<\/li><li>Fehlerhafte Montage bzw. Inbetriebsetzung durch den Besteller oder Dritte<\/li><li>Nicht DIN \u2013 gerechte Montage<\/li><li>Fehlende oder fehlerhafte Sicherheitsvorrichtungen (z.B. Druckminderventile oder \u00dcberdruckventile)<\/li><li>Nat\u00fcrliche Abnutzung, insbesondere Verschlei\u00dfteile (z.B. Dichtungen, Perlatoren-Siebstrahler)<\/li><li>Auf die Kartuschen (Steuerelemente) bei den Einhebelmischern geben wir eine Gew\u00e4hrleistung von 2 Jahren. Vorausgesetzt, sie sind nicht durch freigesetzte Leitungsablagerungen, Schmutzpartikel, oder kalkhaltiges Wasser in ihrer Funktion gest\u00f6rt.<\/li><li>Fehlerhafte Behandlung der Oberfl\u00e4che (z.B. mit ungeeigneten Reinigungsmitteln) oder nachl\u00e4ssige Behandlung (z.B. Verkalkung oder Verschmutzung)<\/li><li>Ebenso von einer Garantieleistung ausgeschlossen sind vors\u00e4tzlich bzw. grob fahrl\u00e4ssig herbeigef\u00fchrte Sch\u00e4den durch den Besteller oder Dritte und Folgesch\u00e4den auf Grund zu sp\u00e4ter Reklamationsmeldung.<\/li><li>Beanstandungen sind uns unverz\u00fcglich nach deren Feststellung zu melden. F\u00fcr die nach unserem Ermessen notwendige erscheinende \u2013 Ausbesserung, Erneuerung oder Ersatzlieferung ist uns die erforderliche Zeit und Gelegenheit zu geben.<\/li><\/ul><p>\u00a0<\/p><p>Innerhalb der Garantiezeit \u00fcbernehmen wir, falls sich die Beanstandung als berechtigt herausstellt, die Kosten des Ersatzteiles einschlie\u00dflich der Versandkosten.<\/p>\t\t\t\t\t\t\t\t<\/div>\n\t\t\t\t<\/div>\n\t\t\t\t\t<\/div>\n\t\t\t\t<\/div>\n\t\t\t\t\t<\/div>\n\t\t\t\t<\/div>\n\t\t\t\t<\/div>\n\t\t","protected":false},"excerpt":{"rendered":"<p>Unseren Kunden jederzeit h\u00f6chste Qualit\u00e4t zu bieten, ist ein elementarer Bestandteil der heinrichschulte Unternehmensphilosophie.<\/p>\n","protected":false},"author":1,"featured_media":0,"parent":0,"menu_order":0,"comment_status":"closed","ping_status":"closed","template":"","meta":{"footnotes":""},"class_list":["post-11898","page","type-page","status-publish","hentry"],"aioseo_notices":[],"_links":{"self":[{"href":"https:\/\/heinrichschulte.de\/index.php?rest_route=\/wp\/v2\/pages\/11898","targetHints":{"allow":["GET"]}}],"collection":[{"href":"https:\/\/heinrichschulte.de\/index.php?rest_route=\/wp\/v2\/pages"}],"about":[{"href":"https:\/\/heinrichschulte.de\/index.php?rest_route=\/wp\/v2\/types\/page"}],"author":[{"embeddable":true,"href":"https:\/\/heinrichschulte.de\/index.php?rest_route=\/wp\/v2\/users\/1"}],"replies":[{"embeddable":true,"href":"https:\/\/heinrichschulte.de\/index.php?rest_route=%2Fwp%2Fv2%2Fcomments&post=11898"}],"version-history":[{"count":28,"href":"https:\/\/heinrichschulte.de\/index.php?rest_route=\/wp\/v2\/pages\/11898\/revisions"}],"predecessor-version":[{"id":11987,"href":"https:\/\/heinrichschulte.de\/index.php?rest_route=\/wp\/v2\/pages\/11898\/revisions\/11987"}],"wp:attachment":[{"href":"https:\/\/heinrichschulte.de\/index.php?rest_route=%2Fwp%2Fv2%2Fmedia&parent=11898"}],"curies":[{"name":"wp","href":"https:\/\/api.w.org\/{rel}","templated":true}]}}