{"id":11906,"date":"2024-05-07T07:43:13","date_gmt":"2024-05-07T07:43:13","guid":{"rendered":"https:\/\/heinrichschulte.de\/?page_id=11906"},"modified":"2024-09-25T18:30:43","modified_gmt":"2024-09-25T18:30:43","slug":"produktion","status":"publish","type":"page","link":"https:\/\/heinrichschulte.de\/?page_id=11906","title":{"rendered":"Produktion"},"content":{"rendered":"\t\t<div data-elementor-type=\"wp-page\" data-elementor-id=\"11906\" class=\"elementor elementor-11906\" data-elementor-post-type=\"page\">\n\t\t\t\t<div class=\"elementor-element elementor-element-b21c0f5 e-flex e-con-boxed e-con e-parent\" data-id=\"b21c0f5\" data-element_type=\"container\" data-e-type=\"container\" data-settings=\"{&quot;background_background&quot;:&quot;slideshow&quot;,&quot;jet_parallax_layout_list&quot;:[],&quot;background_slideshow_gallery&quot;:[{&quot;id&quot;:2049,&quot;url&quot;:&quot;https:\\\/\\\/heinrichschulte.de\\\/wp-content\\\/uploads\\\/grafiken\\\/grafiken-slider\\\/2022_slider_produktion_2.webp&quot;}],&quot;background_slideshow_loop&quot;:&quot;yes&quot;,&quot;background_slideshow_slide_duration&quot;:5000,&quot;background_slideshow_slide_transition&quot;:&quot;fade&quot;,&quot;background_slideshow_transition_duration&quot;:500}\">\n\t\t\t\t\t<div class=\"e-con-inner\">\n\t\t<div class=\"elementor-element elementor-element-b888fda e-con-full e-flex e-con e-child\" data-id=\"b888fda\" data-element_type=\"container\" data-e-type=\"container\" data-settings=\"{&quot;jet_parallax_layout_list&quot;:[]}\">\n\t\t\t\t<div class=\"elementor-element elementor-element-d41575b elementor-invisible elementor-widget elementor-widget-heading\" data-id=\"d41575b\" data-element_type=\"widget\" data-e-type=\"widget\" data-settings=\"{&quot;_animation&quot;:&quot;fadeInLeft&quot;}\" data-widget_type=\"heading.default\">\n\t\t\t\t<div class=\"elementor-widget-container\">\n\t\t\t\t\t<h4 class=\"elementor-heading-title elementor-size-default\">Produktion<\/h4>\t\t\t\t<\/div>\n\t\t\t\t<\/div>\n\t\t\t\t<div class=\"elementor-element elementor-element-ee523f0 elementor-invisible elementor-widget elementor-widget-heading\" data-id=\"ee523f0\" data-element_type=\"widget\" data-e-type=\"widget\" data-settings=\"{&quot;_animation&quot;:&quot;fadeInLeft&quot;,&quot;_animation_delay&quot;:100}\" data-widget_type=\"heading.default\">\n\t\t\t\t<div class=\"elementor-widget-container\">\n\t\t\t\t\t<h2 class=\"elementor-heading-title elementor-size-default\">Alles unter einem Dach <\/h2>\t\t\t\t<\/div>\n\t\t\t\t<\/div>\n\t\t\t\t<\/div>\n\t\t\t\t\t<\/div>\n\t\t\t\t<\/div>\n\t\t<div class=\"elementor-element elementor-element-6bfb9fe e-flex e-con-boxed e-con e-parent\" data-id=\"6bfb9fe\" data-element_type=\"container\" data-e-type=\"container\" data-settings=\"{&quot;jet_parallax_layout_list&quot;:[]}\">\n\t\t\t\t\t<div class=\"e-con-inner\">\n\t\t\t\t<div class=\"elementor-element elementor-element-252dd0c elementor-widget elementor-widget-text-editor\" data-id=\"252dd0c\" data-element_type=\"widget\" data-e-type=\"widget\" data-widget_type=\"text-editor.default\">\n\t\t\t\t<div class=\"elementor-widget-container\">\n\t\t\t\t\t\t\t\t\t<p>Seit der Gr\u00fcndung stehen hochwertige Armaturen f\u00fcr moderne B\u00e4der und K\u00fcchen im Mittelpunkt der Produktion der Firma heinrichschulte.<\/p><p>Noch heute erfolgen alle Herstellungsschritte, vom Engineering \u00fcber die Gie\u00dferei und Galvanik bis hin zur Endmontage unter einem Dach. Eine eingehende QS-Pr\u00fcfung aller Produkte geh\u00f6rte ebenso von Anfang an zum Standard.\u00a0<\/p><p>Durch unsere Produktionstiefe k\u00f6nnen wir auf Kundenw\u00fcnsche und Marktver\u00e4nderungen schnell reagieren. Durch jahrzehntlange Erfahrung und tiefgehendes Know-How am Standort Iserlohn st\u00fctzen wir den Produktionsstandort Deutschland und st\u00e4rken das Vertrauen des Verbrauchers \u2013 sowie \u00fcberzeugen durch beste Verarbeitung, langlebige Qualit\u00e4t und edles Design.<\/p><p>Gewinnen Sie einen Einblick wie unsere Armaturen hergestellt werden.<\/p>\t\t\t\t\t\t\t\t<\/div>\n\t\t\t\t<\/div>\n\t\t\t\t\t<\/div>\n\t\t\t\t<\/div>\n\t\t<div class=\"elementor-element elementor-element-c618f80 e-flex e-con-boxed e-con e-parent\" data-id=\"c618f80\" data-element_type=\"container\" data-e-type=\"container\" data-settings=\"{&quot;jet_parallax_layout_list&quot;:[]}\">\n\t\t\t\t\t<div class=\"e-con-inner\">\n\t\t\t\t<div class=\"elementor-element elementor-element-291782e elementor-widget elementor-widget-gallery\" data-id=\"291782e\" data-element_type=\"widget\" data-e-type=\"widget\" data-settings=\"{&quot;columns_mobile&quot;:2,&quot;lazyload&quot;:&quot;yes&quot;,&quot;gallery_layout&quot;:&quot;grid&quot;,&quot;columns&quot;:4,&quot;columns_tablet&quot;:2,&quot;gap&quot;:{&quot;unit&quot;:&quot;px&quot;,&quot;size&quot;:10,&quot;sizes&quot;:[]},&quot;gap_tablet&quot;:{&quot;unit&quot;:&quot;px&quot;,&quot;size&quot;:10,&quot;sizes&quot;:[]},&quot;gap_mobile&quot;:{&quot;unit&quot;:&quot;px&quot;,&quot;size&quot;:10,&quot;sizes&quot;:[]},&quot;link_to&quot;:&quot;file&quot;,&quot;aspect_ratio&quot;:&quot;3:2&quot;,&quot;overlay_background&quot;:&quot;yes&quot;,&quot;content_hover_animation&quot;:&quot;fade-in&quot;}\" data-widget_type=\"gallery.default\">\n\t\t\t\t<div class=\"elementor-widget-container\">\n\t\t\t\t\t\t\t<div class=\"elementor-gallery__container\">\n\t\t\t\t\t\t\t<a class=\"e-gallery-item elementor-gallery-item elementor-animated-content\" href=\"https:\/\/heinrichschulte.de\/wp-content\/uploads\/bilder\/bilder-produktion\/1.webp\" data-elementor-open-lightbox=\"yes\" data-elementor-lightbox-slideshow=\"291782e\" data-elementor-lightbox-title=\"1\" data-e-action-hash=\"#elementor-action%3Aaction%3Dlightbox%26settings%3DeyJpZCI6MTI1MDAsInVybCI6Imh0dHBzOlwvXC9oZWlucmljaHNjaHVsdGUuZGVcL3dwLWNvbnRlbnRcL3VwbG9hZHNcL2JpbGRlclwvYmlsZGVyLXByb2R1a3Rpb25cLzEud2VicCIsInNsaWRlc2hvdyI6IjI5MTc4MmUifQ%3D%3D\">\n\t\t\t\t\t<div class=\"e-gallery-image elementor-gallery-item__image\" data-thumbnail=\"https:\/\/heinrichschulte.de\/wp-content\/uploads\/bilder\/bilder-produktion\/1-300x182.webp\" data-width=\"300\" data-height=\"182\" aria-label=\"\" role=\"img\" ><\/div>\n\t\t\t\t\t\t\t\t\t\t\t<div class=\"elementor-gallery-item__overlay\"><\/div>\n\t\t\t\t\t\t\t\t\t\t\t\t\t\t<\/a>\n\t\t\t\t\t\t\t<a class=\"e-gallery-item elementor-gallery-item elementor-animated-content\" href=\"https:\/\/heinrichschulte.de\/wp-content\/uploads\/bilder\/bilder-produktion\/2.webp\" data-elementor-open-lightbox=\"yes\" data-elementor-lightbox-slideshow=\"291782e\" data-elementor-lightbox-title=\"2\" data-e-action-hash=\"#elementor-action%3Aaction%3Dlightbox%26settings%3DeyJpZCI6MTI1MDEsInVybCI6Imh0dHBzOlwvXC9oZWlucmljaHNjaHVsdGUuZGVcL3dwLWNvbnRlbnRcL3VwbG9hZHNcL2JpbGRlclwvYmlsZGVyLXByb2R1a3Rpb25cLzIud2VicCIsInNsaWRlc2hvdyI6IjI5MTc4MmUifQ%3D%3D\">\n\t\t\t\t\t<div class=\"e-gallery-image elementor-gallery-item__image\" data-thumbnail=\"https:\/\/heinrichschulte.de\/wp-content\/uploads\/bilder\/bilder-produktion\/2-300x182.webp\" data-width=\"300\" data-height=\"182\" aria-label=\"\" role=\"img\" ><\/div>\n\t\t\t\t\t\t\t\t\t\t\t<div class=\"elementor-gallery-item__overlay\"><\/div>\n\t\t\t\t\t\t\t\t\t\t\t\t\t\t<\/a>\n\t\t\t\t\t\t\t<a class=\"e-gallery-item elementor-gallery-item elementor-animated-content\" href=\"https:\/\/heinrichschulte.de\/wp-content\/uploads\/bilder\/bilder-produktion\/3.webp\" data-elementor-open-lightbox=\"yes\" data-elementor-lightbox-slideshow=\"291782e\" data-elementor-lightbox-title=\"3\" data-e-action-hash=\"#elementor-action%3Aaction%3Dlightbox%26settings%3DeyJpZCI6MTI1MDIsInVybCI6Imh0dHBzOlwvXC9oZWlucmljaHNjaHVsdGUuZGVcL3dwLWNvbnRlbnRcL3VwbG9hZHNcL2JpbGRlclwvYmlsZGVyLXByb2R1a3Rpb25cLzMud2VicCIsInNsaWRlc2hvdyI6IjI5MTc4MmUifQ%3D%3D\">\n\t\t\t\t\t<div class=\"e-gallery-image elementor-gallery-item__image\" data-thumbnail=\"https:\/\/heinrichschulte.de\/wp-content\/uploads\/bilder\/bilder-produktion\/3-300x182.webp\" data-width=\"300\" data-height=\"182\" aria-label=\"\" role=\"img\" ><\/div>\n\t\t\t\t\t\t\t\t\t\t\t<div class=\"elementor-gallery-item__overlay\"><\/div>\n\t\t\t\t\t\t\t\t\t\t\t\t\t\t<\/a>\n\t\t\t\t\t\t\t<a class=\"e-gallery-item elementor-gallery-item elementor-animated-content\" href=\"https:\/\/heinrichschulte.de\/wp-content\/uploads\/bilder\/bilder-produktion\/4.webp\" data-elementor-open-lightbox=\"yes\" data-elementor-lightbox-slideshow=\"291782e\" data-elementor-lightbox-title=\"4\" data-e-action-hash=\"#elementor-action%3Aaction%3Dlightbox%26settings%3DeyJpZCI6MTI1MDMsInVybCI6Imh0dHBzOlwvXC9oZWlucmljaHNjaHVsdGUuZGVcL3dwLWNvbnRlbnRcL3VwbG9hZHNcL2JpbGRlclwvYmlsZGVyLXByb2R1a3Rpb25cLzQud2VicCIsInNsaWRlc2hvdyI6IjI5MTc4MmUifQ%3D%3D\">\n\t\t\t\t\t<div class=\"e-gallery-image elementor-gallery-item__image\" data-thumbnail=\"https:\/\/heinrichschulte.de\/wp-content\/uploads\/bilder\/bilder-produktion\/4-300x182.webp\" data-width=\"300\" data-height=\"182\" aria-label=\"\" role=\"img\" ><\/div>\n\t\t\t\t\t\t\t\t\t\t\t<div class=\"elementor-gallery-item__overlay\"><\/div>\n\t\t\t\t\t\t\t\t\t\t\t\t\t\t<\/a>\n\t\t\t\t\t\t\t<a class=\"e-gallery-item elementor-gallery-item elementor-animated-content\" href=\"https:\/\/heinrichschulte.de\/wp-content\/uploads\/bilder\/bilder-produktion\/5.webp\" data-elementor-open-lightbox=\"yes\" data-elementor-lightbox-slideshow=\"291782e\" data-elementor-lightbox-title=\"5\" data-e-action-hash=\"#elementor-action%3Aaction%3Dlightbox%26settings%3DeyJpZCI6MTI1MDQsInVybCI6Imh0dHBzOlwvXC9oZWlucmljaHNjaHVsdGUuZGVcL3dwLWNvbnRlbnRcL3VwbG9hZHNcL2JpbGRlclwvYmlsZGVyLXByb2R1a3Rpb25cLzUud2VicCIsInNsaWRlc2hvdyI6IjI5MTc4MmUifQ%3D%3D\">\n\t\t\t\t\t<div class=\"e-gallery-image elementor-gallery-item__image\" data-thumbnail=\"https:\/\/heinrichschulte.de\/wp-content\/uploads\/bilder\/bilder-produktion\/5-300x182.webp\" data-width=\"300\" data-height=\"182\" aria-label=\"\" role=\"img\" ><\/div>\n\t\t\t\t\t\t\t\t\t\t\t<div class=\"elementor-gallery-item__overlay\"><\/div>\n\t\t\t\t\t\t\t\t\t\t\t\t\t\t<\/a>\n\t\t\t\t\t\t\t<a class=\"e-gallery-item elementor-gallery-item elementor-animated-content\" href=\"https:\/\/heinrichschulte.de\/wp-content\/uploads\/bilder\/bilder-produktion\/6.webp\" data-elementor-open-lightbox=\"yes\" data-elementor-lightbox-slideshow=\"291782e\" data-elementor-lightbox-title=\"6\" data-e-action-hash=\"#elementor-action%3Aaction%3Dlightbox%26settings%3DeyJpZCI6MTI1MDUsInVybCI6Imh0dHBzOlwvXC9oZWlucmljaHNjaHVsdGUuZGVcL3dwLWNvbnRlbnRcL3VwbG9hZHNcL2JpbGRlclwvYmlsZGVyLXByb2R1a3Rpb25cLzYud2VicCIsInNsaWRlc2hvdyI6IjI5MTc4MmUifQ%3D%3D\">\n\t\t\t\t\t<div class=\"e-gallery-image elementor-gallery-item__image\" data-thumbnail=\"https:\/\/heinrichschulte.de\/wp-content\/uploads\/bilder\/bilder-produktion\/6-300x182.webp\" data-width=\"300\" data-height=\"182\" aria-label=\"\" role=\"img\" ><\/div>\n\t\t\t\t\t\t\t\t\t\t\t<div class=\"elementor-gallery-item__overlay\"><\/div>\n\t\t\t\t\t\t\t\t\t\t\t\t\t\t<\/a>\n\t\t\t\t\t\t\t<a class=\"e-gallery-item elementor-gallery-item elementor-animated-content\" href=\"https:\/\/heinrichschulte.de\/wp-content\/uploads\/bilder\/bilder-produktion\/7.webp\" data-elementor-open-lightbox=\"yes\" data-elementor-lightbox-slideshow=\"291782e\" data-elementor-lightbox-title=\"7\" data-e-action-hash=\"#elementor-action%3Aaction%3Dlightbox%26settings%3DeyJpZCI6MTI1MDYsInVybCI6Imh0dHBzOlwvXC9oZWlucmljaHNjaHVsdGUuZGVcL3dwLWNvbnRlbnRcL3VwbG9hZHNcL2JpbGRlclwvYmlsZGVyLXByb2R1a3Rpb25cLzcud2VicCIsInNsaWRlc2hvdyI6IjI5MTc4MmUifQ%3D%3D\">\n\t\t\t\t\t<div class=\"e-gallery-image elementor-gallery-item__image\" data-thumbnail=\"https:\/\/heinrichschulte.de\/wp-content\/uploads\/bilder\/bilder-produktion\/7-300x182.webp\" data-width=\"300\" data-height=\"182\" aria-label=\"\" role=\"img\" ><\/div>\n\t\t\t\t\t\t\t\t\t\t\t<div class=\"elementor-gallery-item__overlay\"><\/div>\n\t\t\t\t\t\t\t\t\t\t\t\t\t\t<\/a>\n\t\t\t\t\t\t\t<a class=\"e-gallery-item elementor-gallery-item elementor-animated-content\" href=\"https:\/\/heinrichschulte.de\/wp-content\/uploads\/bilder\/bilder-produktion\/8.webp\" data-elementor-open-lightbox=\"yes\" data-elementor-lightbox-slideshow=\"291782e\" data-elementor-lightbox-title=\"8\" data-e-action-hash=\"#elementor-action%3Aaction%3Dlightbox%26settings%3DeyJpZCI6MTI1MDcsInVybCI6Imh0dHBzOlwvXC9oZWlucmljaHNjaHVsdGUuZGVcL3dwLWNvbnRlbnRcL3VwbG9hZHNcL2JpbGRlclwvYmlsZGVyLXByb2R1a3Rpb25cLzgud2VicCIsInNsaWRlc2hvdyI6IjI5MTc4MmUifQ%3D%3D\">\n\t\t\t\t\t<div class=\"e-gallery-image elementor-gallery-item__image\" data-thumbnail=\"https:\/\/heinrichschulte.de\/wp-content\/uploads\/bilder\/bilder-produktion\/8-300x182.webp\" data-width=\"300\" data-height=\"182\" aria-label=\"\" role=\"img\" ><\/div>\n\t\t\t\t\t\t\t\t\t\t\t<div class=\"elementor-gallery-item__overlay\"><\/div>\n\t\t\t\t\t\t\t\t\t\t\t\t\t\t<\/a>\n\t\t\t\t\t\t\t<a class=\"e-gallery-item elementor-gallery-item elementor-animated-content\" href=\"https:\/\/heinrichschulte.de\/wp-content\/uploads\/bilder\/bilder-produktion\/9.webp\" data-elementor-open-lightbox=\"yes\" data-elementor-lightbox-slideshow=\"291782e\" data-elementor-lightbox-title=\"9\" data-e-action-hash=\"#elementor-action%3Aaction%3Dlightbox%26settings%3DeyJpZCI6MTI1MDgsInVybCI6Imh0dHBzOlwvXC9oZWlucmljaHNjaHVsdGUuZGVcL3dwLWNvbnRlbnRcL3VwbG9hZHNcL2JpbGRlclwvYmlsZGVyLXByb2R1a3Rpb25cLzkud2VicCIsInNsaWRlc2hvdyI6IjI5MTc4MmUifQ%3D%3D\">\n\t\t\t\t\t<div class=\"e-gallery-image elementor-gallery-item__image\" data-thumbnail=\"https:\/\/heinrichschulte.de\/wp-content\/uploads\/bilder\/bilder-produktion\/9-300x182.webp\" data-width=\"300\" data-height=\"182\" aria-label=\"\" role=\"img\" ><\/div>\n\t\t\t\t\t\t\t\t\t\t\t<div class=\"elementor-gallery-item__overlay\"><\/div>\n\t\t\t\t\t\t\t\t\t\t\t\t\t\t<\/a>\n\t\t\t\t\t\t\t<a class=\"e-gallery-item elementor-gallery-item elementor-animated-content\" href=\"https:\/\/heinrichschulte.de\/wp-content\/uploads\/bilder\/bilder-produktion\/10.webp\" data-elementor-open-lightbox=\"yes\" data-elementor-lightbox-slideshow=\"291782e\" data-elementor-lightbox-title=\"10\" data-e-action-hash=\"#elementor-action%3Aaction%3Dlightbox%26settings%3DeyJpZCI6MTI1MDksInVybCI6Imh0dHBzOlwvXC9oZWlucmljaHNjaHVsdGUuZGVcL3dwLWNvbnRlbnRcL3VwbG9hZHNcL2JpbGRlclwvYmlsZGVyLXByb2R1a3Rpb25cLzEwLndlYnAiLCJzbGlkZXNob3ciOiIyOTE3ODJlIn0%3D\">\n\t\t\t\t\t<div class=\"e-gallery-image elementor-gallery-item__image\" data-thumbnail=\"https:\/\/heinrichschulte.de\/wp-content\/uploads\/bilder\/bilder-produktion\/10-300x182.webp\" data-width=\"300\" data-height=\"182\" aria-label=\"\" role=\"img\" ><\/div>\n\t\t\t\t\t\t\t\t\t\t\t<div class=\"elementor-gallery-item__overlay\"><\/div>\n\t\t\t\t\t\t\t\t\t\t\t\t\t\t<\/a>\n\t\t\t\t\t\t\t<a class=\"e-gallery-item elementor-gallery-item elementor-animated-content\" href=\"https:\/\/heinrichschulte.de\/wp-content\/uploads\/bilder\/bilder-produktion\/11-scaled.webp\" data-elementor-open-lightbox=\"yes\" data-elementor-lightbox-slideshow=\"291782e\" data-elementor-lightbox-title=\"11\" data-e-action-hash=\"#elementor-action%3Aaction%3Dlightbox%26settings%3DeyJpZCI6MTI1MTAsInVybCI6Imh0dHBzOlwvXC9oZWlucmljaHNjaHVsdGUuZGVcL3dwLWNvbnRlbnRcL3VwbG9hZHNcL2JpbGRlclwvYmlsZGVyLXByb2R1a3Rpb25cLzExLXNjYWxlZC53ZWJwIiwic2xpZGVzaG93IjoiMjkxNzgyZSJ9\">\n\t\t\t\t\t<div class=\"e-gallery-image elementor-gallery-item__image\" data-thumbnail=\"https:\/\/heinrichschulte.de\/wp-content\/uploads\/bilder\/bilder-produktion\/11-244x300.webp\" data-width=\"244\" data-height=\"300\" aria-label=\"\" role=\"img\" ><\/div>\n\t\t\t\t\t\t\t\t\t\t\t<div class=\"elementor-gallery-item__overlay\"><\/div>\n\t\t\t\t\t\t\t\t\t\t\t\t\t\t<\/a>\n\t\t\t\t\t\t\t<a class=\"e-gallery-item elementor-gallery-item elementor-animated-content\" href=\"https:\/\/heinrichschulte.de\/wp-content\/uploads\/bilder\/bilder-produktion\/12.webp\" data-elementor-open-lightbox=\"yes\" data-elementor-lightbox-slideshow=\"291782e\" data-elementor-lightbox-title=\"12\" data-e-action-hash=\"#elementor-action%3Aaction%3Dlightbox%26settings%3DeyJpZCI6MTI1MTEsInVybCI6Imh0dHBzOlwvXC9oZWlucmljaHNjaHVsdGUuZGVcL3dwLWNvbnRlbnRcL3VwbG9hZHNcL2JpbGRlclwvYmlsZGVyLXByb2R1a3Rpb25cLzEyLndlYnAiLCJzbGlkZXNob3ciOiIyOTE3ODJlIn0%3D\">\n\t\t\t\t\t<div class=\"e-gallery-image elementor-gallery-item__image\" data-thumbnail=\"https:\/\/heinrichschulte.de\/wp-content\/uploads\/bilder\/bilder-produktion\/12-182x300.webp\" data-width=\"182\" data-height=\"300\" aria-label=\"\" role=\"img\" ><\/div>\n\t\t\t\t\t\t\t\t\t\t\t<div class=\"elementor-gallery-item__overlay\"><\/div>\n\t\t\t\t\t\t\t\t\t\t\t\t\t\t<\/a>\n\t\t\t\t\t<\/div>\n\t\t\t\t\t<\/div>\n\t\t\t\t<\/div>\n\t\t\t\t\t<\/div>\n\t\t\t\t<\/div>\n\t\t\t\t<\/div>\n\t\t","protected":false},"excerpt":{"rendered":"<p>Produktion Alles unter einem Dach Seit der Gr\u00fcndung stehen hochwertige Armaturen f\u00fcr moderne B\u00e4der und K\u00fcchen im Mittelpunkt der Produktion der Firma heinrichschulte. Noch heute erfolgen alle Herstellungsschritte, vom Engineering \u00fcber die Gie\u00dferei und Galvanik bis hin zur Endmontage unter einem Dach. Eine eingehende QS-Pr\u00fcfung aller Produkte geh\u00f6rte ebenso von Anfang an zum Standard.\u00a0 Durch [&hellip;]<\/p>\n","protected":false},"author":1,"featured_media":2049,"parent":0,"menu_order":0,"comment_status":"closed","ping_status":"closed","template":"","meta":{"footnotes":""},"class_list":["post-11906","page","type-page","status-publish","has-post-thumbnail","hentry"],"aioseo_notices":[],"_links":{"self":[{"href":"https:\/\/heinrichschulte.de\/index.php?rest_route=\/wp\/v2\/pages\/11906","targetHints":{"allow":["GET"]}}],"collection":[{"href":"https:\/\/heinrichschulte.de\/index.php?rest_route=\/wp\/v2\/pages"}],"about":[{"href":"https:\/\/heinrichschulte.de\/index.php?rest_route=\/wp\/v2\/types\/page"}],"author":[{"embeddable":true,"href":"https:\/\/heinrichschulte.de\/index.php?rest_route=\/wp\/v2\/users\/1"}],"replies":[{"embeddable":true,"href":"https:\/\/heinrichschulte.de\/index.php?rest_route=%2Fwp%2Fv2%2Fcomments&post=11906"}],"version-history":[{"count":13,"href":"https:\/\/heinrichschulte.de\/index.php?rest_route=\/wp\/v2\/pages\/11906\/revisions"}],"predecessor-version":[{"id":12517,"href":"https:\/\/heinrichschulte.de\/index.php?rest_route=\/wp\/v2\/pages\/11906\/revisions\/12517"}],"wp:featuredmedia":[{"embeddable":true,"href":"https:\/\/heinrichschulte.de\/index.php?rest_route=\/wp\/v2\/media\/2049"}],"wp:attachment":[{"href":"https:\/\/heinrichschulte.de\/index.php?rest_route=%2Fwp%2Fv2%2Fmedia&parent=11906"}],"curies":[{"name":"wp","href":"https:\/\/api.w.org\/{rel}","templated":true}]}}