{"id":17060,"date":"2025-09-29T16:39:10","date_gmt":"2025-09-29T16:39:10","guid":{"rendered":"https:\/\/heinrichschulte.de\/?page_id=17060"},"modified":"2025-09-29T16:42:10","modified_gmt":"2025-09-29T16:42:10","slug":"rechtliche-hinweise","status":"publish","type":"page","link":"https:\/\/heinrichschulte.de\/?page_id=17060","title":{"rendered":"Rechtliche Hinweise"},"content":{"rendered":"\t\t<div data-elementor-type=\"wp-page\" data-elementor-id=\"17060\" class=\"elementor elementor-17060\" data-elementor-post-type=\"page\">\n\t\t\t\t<div class=\"elementor-element elementor-element-757168e e-flex e-con-boxed e-con e-parent\" data-id=\"757168e\" data-element_type=\"container\" data-e-type=\"container\" data-settings=\"{&quot;jet_parallax_layout_list&quot;:[]}\">\n\t\t\t\t\t<div class=\"e-con-inner\">\n\t\t\t\t<div class=\"elementor-element elementor-element-773140c elementor-widget elementor-widget-heading\" data-id=\"773140c\" data-element_type=\"widget\" data-e-type=\"widget\" data-widget_type=\"heading.default\">\n\t\t\t\t<div class=\"elementor-widget-container\">\n\t\t\t\t\t<h1 class=\"elementor-heading-title elementor-size-default\">Rechtliche Hinweise<\/h1>\t\t\t\t<\/div>\n\t\t\t\t<\/div>\n\t\t\t\t<div class=\"elementor-element elementor-element-b9198dc elementor-widget elementor-widget-text-editor\" data-id=\"b9198dc\" data-element_type=\"widget\" data-e-type=\"widget\" data-widget_type=\"text-editor.default\">\n\t\t\t\t<div class=\"elementor-widget-container\">\n\t\t\t\t\t\t\t\t\t<p>Kommunikationskanals f\u00fcr Beschwerden, Unf\u00e4llen und Sicherheitsproblemen<\/p>\t\t\t\t\t\t\t\t<\/div>\n\t\t\t\t<\/div>\n\t\t\t\t<div class=\"elementor-element elementor-element-346ef90 elementor-widget elementor-widget-text-editor\" data-id=\"346ef90\" data-element_type=\"widget\" data-e-type=\"widget\" data-widget_type=\"text-editor.default\">\n\t\t\t\t<div class=\"elementor-widget-container\">\n\t\t\t\t\t\t\t\t\t<p>Die Hersteller richten \u2014 unter Ber\u00fccksichtigung der Zug\u00e4nglichkeitsbed\u00fcrfnisse von Menschen mit Behinderungen \u2014\u00a0<b>\u00f6ffentlich zug\u00e4ngliche Kommunikationskan\u00e4le<\/b>, wie etwa Telefonnummern, E-Mail-Adressen oder spezielle Rubriken auf ihrer Website ein, die es den Verbrauchern erm\u00f6glichen, Beschwerden einzureichen und die Hersteller \u00fcber alle im Zusammenhang mit einem Produkt aufgetretenen Unf\u00e4lle oder Sicherheitsprobleme zu informieren.<\/p>\t\t\t\t\t\t\t\t<\/div>\n\t\t\t\t<\/div>\n\t\t\t\t<div class=\"elementor-element elementor-element-c6e0357 elementor-widget elementor-widget-button\" data-id=\"c6e0357\" data-element_type=\"widget\" data-e-type=\"widget\" data-widget_type=\"button.default\">\n\t\t\t\t<div class=\"elementor-widget-container\">\n\t\t\t\t\t\t\t\t\t<div class=\"elementor-button-wrapper\">\n\t\t\t\t\t<a class=\"elementor-button elementor-button-link elementor-size-sm\" href=\"https:\/\/whistleblowersoftware.com\/secure\/09471efb-8877-4d31-9fe4-86fc5eaf1c75\" target=\"_blank\">\n\t\t\t\t\t\t<span class=\"elementor-button-content-wrapper\">\n\t\t\t\t\t\t<span class=\"elementor-button-icon\">\n\t\t\t\t<svg aria-hidden=\"true\" class=\"e-font-icon-svg e-fas-angle-double-right\" viewBox=\"0 0 448 512\" xmlns=\"http:\/\/www.w3.org\/2000\/svg\"><path d=\"M224.3 273l-136 136c-9.4 9.4-24.6 9.4-33.9 0l-22.6-22.6c-9.4-9.4-9.4-24.6 0-33.9l96.4-96.4-96.4-96.4c-9.4-9.4-9.4-24.6 0-33.9L54.3 103c9.4-9.4 24.6-9.4 33.9 0l136 136c9.5 9.4 9.5 24.6.1 34zm192-34l-136-136c-9.4-9.4-24.6-9.4-33.9 0l-22.6 22.6c-9.4 9.4-9.4 24.6 0 33.9l96.4 96.4-96.4 96.4c-9.4 9.4-9.4 24.6 0 33.9l22.6 22.6c9.4 9.4 24.6 9.4 33.9 0l136-136c9.4-9.2 9.4-24.4 0-33.8z\"><\/path><\/svg>\t\t\t<\/span>\n\t\t\t\t\t\t\t\t\t<span class=\"elementor-button-text\">Kommunikationskanal<\/span>\n\t\t\t\t\t<\/span>\n\t\t\t\t\t<\/a>\n\t\t\t\t<\/div>\n\t\t\t\t\t\t\t\t<\/div>\n\t\t\t\t<\/div>\n\t\t\t\t\t<\/div>\n\t\t\t\t<\/div>\n\t\t\t\t<\/div>\n\t\t","protected":false},"excerpt":{"rendered":"<p>Rechtliche Hinweise Kommunikationskanals f\u00fcr Beschwerden, Unf\u00e4llen und Sicherheitsproblemen Die Hersteller richten \u2014 unter Ber\u00fccksichtigung der Zug\u00e4nglichkeitsbed\u00fcrfnisse von Menschen mit Behinderungen \u2014\u00a0\u00f6ffentlich zug\u00e4ngliche Kommunikationskan\u00e4le, wie etwa Telefonnummern, E-Mail-Adressen oder spezielle Rubriken auf ihrer Website ein, die es den Verbrauchern erm\u00f6glichen, Beschwerden einzureichen und die Hersteller \u00fcber alle im Zusammenhang mit einem Produkt aufgetretenen Unf\u00e4lle oder Sicherheitsprobleme [&hellip;]<\/p>\n","protected":false},"author":1,"featured_media":0,"parent":0,"menu_order":0,"comment_status":"closed","ping_status":"closed","template":"","meta":{"footnotes":""},"class_list":["post-17060","page","type-page","status-publish","hentry"],"aioseo_notices":[],"_links":{"self":[{"href":"https:\/\/heinrichschulte.de\/index.php?rest_route=\/wp\/v2\/pages\/17060","targetHints":{"allow":["GET"]}}],"collection":[{"href":"https:\/\/heinrichschulte.de\/index.php?rest_route=\/wp\/v2\/pages"}],"about":[{"href":"https:\/\/heinrichschulte.de\/index.php?rest_route=\/wp\/v2\/types\/page"}],"author":[{"embeddable":true,"href":"https:\/\/heinrichschulte.de\/index.php?rest_route=\/wp\/v2\/users\/1"}],"replies":[{"embeddable":true,"href":"https:\/\/heinrichschulte.de\/index.php?rest_route=%2Fwp%2Fv2%2Fcomments&post=17060"}],"version-history":[{"count":4,"href":"https:\/\/heinrichschulte.de\/index.php?rest_route=\/wp\/v2\/pages\/17060\/revisions"}],"predecessor-version":[{"id":17064,"href":"https:\/\/heinrichschulte.de\/index.php?rest_route=\/wp\/v2\/pages\/17060\/revisions\/17064"}],"wp:attachment":[{"href":"https:\/\/heinrichschulte.de\/index.php?rest_route=%2Fwp%2Fv2%2Fmedia&parent=17060"}],"curies":[{"name":"wp","href":"https:\/\/api.w.org\/{rel}","templated":true}]}}