{"id":2022,"date":"2023-12-07T17:39:49","date_gmt":"2023-12-07T17:39:49","guid":{"rendered":"https:\/\/heinrichschulte.de\/?page_id=2022"},"modified":"2025-07-17T08:07:06","modified_gmt":"2025-07-17T08:07:06","slug":"impressum","status":"publish","type":"page","link":"https:\/\/heinrichschulte.de\/?page_id=2022","title":{"rendered":"Impressum"},"content":{"rendered":"\t\t<div data-elementor-type=\"wp-page\" data-elementor-id=\"2022\" class=\"elementor elementor-2022\" data-elementor-post-type=\"page\">\n\t\t\t\t<div class=\"elementor-element elementor-element-147beeb e-flex e-con-boxed e-con e-parent\" data-id=\"147beeb\" data-element_type=\"container\" data-e-type=\"container\" data-settings=\"{&quot;jet_parallax_layout_list&quot;:[]}\">\n\t\t\t\t\t<div class=\"e-con-inner\">\n\t\t\t\t<div class=\"elementor-element elementor-element-98662d2 elementor-widget elementor-widget-text-editor\" data-id=\"98662d2\" data-element_type=\"widget\" data-e-type=\"widget\" data-widget_type=\"text-editor.default\">\n\t\t\t\t<div class=\"elementor-widget-container\">\n\t\t\t\t\t\t\t\t\t<h1>Impressum<\/h1><p>Heinrich Schulte GmbH &amp; Co.KG<br \/>Gr\u00fcnlandweg 11<br \/>58640 Iserlohn<\/p><p>Handelsregister: HRA 2276<br \/>Registergericht: Iserlohn<\/p><p><strong>Vertreten durch Komplement\u00e4rin::<\/strong><br \/>Heinrich Schulte Verwaltungs-GmbH<br \/>Amtsgericht Iserlohn<br \/>HRB 2769<\/p><p>Diese vertreten durch:<br \/>Henning de Gruyter<br \/>Olaf Stach<\/p><p>Handelsregister: 2769<br \/>Registergericht: HRB<\/p><h2>Kontakt<\/h2><p>Telefon: 02371 9090-0<br \/>Telefax: 02371 9090-99<br \/>E-Mail: info@heinrichschulte.com<\/p><h2>Umsatzsteuer-ID<\/h2><p>Umsatzsteuer-Identifikationsnummer gem\u00e4\u00df \u00a7 27 a Umsatzsteuergesetz:<br \/>DE 233202839<\/p><h2>Redaktionell verantwortlich<\/h2><p>Gesch\u00e4ftsf\u00fchrer:<br \/>Henning de Gruyter<br \/>Olaf Stach<\/p><h2>Verbraucher\u00adstreit\u00adbeilegung\/Universal\u00adschlichtungs\u00adstelle<\/h2><p>Wir sind nicht bereit oder verpflichtet, an Streitbeilegungsverfahren vor einer Verbraucherschlichtungsstelle teilzunehmen.<\/p><h2>Webdesign &amp; Umsetzung:<\/h2><p><a href=\"https:\/\/www.webcreation-bundt.de\"><img decoding=\"async\" class=\"alignnone wp-image-67 \" src=\"https:\/\/heinrichschulte.de\/wp-content\/uploads\/logo\/externe-logos\/2021_logo_webcreation-bundt_blau_450px.png\" alt=\"\" width=\"288\" height=\"44\" srcset=\"https:\/\/heinrichschulte.de\/wp-content\/uploads\/logo\/externe-logos\/2021_logo_webcreation-bundt_blau_450px.png 450w, https:\/\/heinrichschulte.de\/wp-content\/uploads\/logo\/externe-logos\/2021_logo_webcreation-bundt_blau_450px-300x46.png 300w\" sizes=\"(max-width: 288px) 100vw, 288px\" \/><\/a><\/p><h2>Bild Quellnachweise:<\/h2><p>Karrierebereich &#8222;Berufseinsteiger&#8220;, Home Vorlage f\u00fcr Bad\u00fcbersicht, Servicebereich W\u00fcrfel und Landkarte, alle von Adobe Stock,\u00a0 Lizenz \u00fcber Webcreation-Bundt; Alle anderen Bilder sind Produktbilder von Heinrich Schulte GmbH &amp; CO.KG<\/p>\t\t\t\t\t\t\t\t<\/div>\n\t\t\t\t<\/div>\n\t\t\t\t\t<\/div>\n\t\t\t\t<\/div>\n\t\t<div class=\"elementor-element elementor-element-6ef1161 e-flex e-con-boxed e-con e-parent\" data-id=\"6ef1161\" data-element_type=\"container\" data-e-type=\"container\" data-settings=\"{&quot;jet_parallax_layout_list&quot;:[]}\">\n\t\t\t\t\t<div class=\"e-con-inner\">\n\t\t\t\t<div class=\"elementor-element elementor-element-25ff2ce elementor-widget elementor-widget-image\" data-id=\"25ff2ce\" data-element_type=\"widget\" data-e-type=\"widget\" data-widget_type=\"image.default\">\n\t\t\t\t<div class=\"elementor-widget-container\">\n\t\t\t\t\t\t\t\t\t\t\t\t\t\t\t<img fetchpriority=\"high\" decoding=\"async\" width=\"800\" height=\"337\" src=\"https:\/\/heinrichschulte.de\/wp-content\/uploads\/logo\/externe-logos\/impressum-siegel-light-horizontal-large-1024x431.png\" class=\"attachment-large size-large wp-image-17024\" alt=\"\" srcset=\"https:\/\/heinrichschulte.de\/wp-content\/uploads\/logo\/externe-logos\/impressum-siegel-light-horizontal-large-1024x431.png 1024w, https:\/\/heinrichschulte.de\/wp-content\/uploads\/logo\/externe-logos\/impressum-siegel-light-horizontal-large-300x126.png 300w, https:\/\/heinrichschulte.de\/wp-content\/uploads\/logo\/externe-logos\/impressum-siegel-light-horizontal-large-768x323.png 768w, https:\/\/heinrichschulte.de\/wp-content\/uploads\/logo\/externe-logos\/impressum-siegel-light-horizontal-large-600x253.png 600w, https:\/\/heinrichschulte.de\/wp-content\/uploads\/logo\/externe-logos\/impressum-siegel-light-horizontal-large.png 1425w\" sizes=\"(max-width: 800px) 100vw, 800px\" \/>\t\t\t\t\t\t\t\t\t\t\t\t\t\t\t<\/div>\n\t\t\t\t<\/div>\n\t\t\t\t\t<\/div>\n\t\t\t\t<\/div>\n\t\t\t\t<\/div>\n\t\t","protected":false},"excerpt":{"rendered":"<p>Impressum Heinrich Schulte GmbH &amp; Co.KGGr\u00fcnlandweg 1158640 Iserlohn Handelsregister: HRA 2276Registergericht: Iserlohn Vertreten durch Komplement\u00e4rin::Heinrich Schulte Verwaltungs-GmbHAmtsgericht IserlohnHRB 2769 Diese vertreten durch:Henning de GruyterOlaf Stach Handelsregister: 2769Registergericht: HRB Kontakt Telefon: 02371 9090-0Telefax: 02371 9090-99E-Mail: info@heinrichschulte.com Umsatzsteuer-ID Umsatzsteuer-Identifikationsnummer gem\u00e4\u00df \u00a7 27 a Umsatzsteuergesetz:DE 233202839 Redaktionell verantwortlich Gesch\u00e4ftsf\u00fchrer:Henning de GruyterOlaf Stach Verbraucher\u00adstreit\u00adbeilegung\/Universal\u00adschlichtungs\u00adstelle Wir sind nicht bereit oder [&hellip;]<\/p>\n","protected":false},"author":1,"featured_media":0,"parent":0,"menu_order":0,"comment_status":"closed","ping_status":"closed","template":"","meta":{"footnotes":""},"class_list":["post-2022","page","type-page","status-publish","hentry"],"aioseo_notices":[],"_links":{"self":[{"href":"https:\/\/heinrichschulte.de\/index.php?rest_route=\/wp\/v2\/pages\/2022","targetHints":{"allow":["GET"]}}],"collection":[{"href":"https:\/\/heinrichschulte.de\/index.php?rest_route=\/wp\/v2\/pages"}],"about":[{"href":"https:\/\/heinrichschulte.de\/index.php?rest_route=\/wp\/v2\/types\/page"}],"author":[{"embeddable":true,"href":"https:\/\/heinrichschulte.de\/index.php?rest_route=\/wp\/v2\/users\/1"}],"replies":[{"embeddable":true,"href":"https:\/\/heinrichschulte.de\/index.php?rest_route=%2Fwp%2Fv2%2Fcomments&post=2022"}],"version-history":[{"count":22,"href":"https:\/\/heinrichschulte.de\/index.php?rest_route=\/wp\/v2\/pages\/2022\/revisions"}],"predecessor-version":[{"id":17053,"href":"https:\/\/heinrichschulte.de\/index.php?rest_route=\/wp\/v2\/pages\/2022\/revisions\/17053"}],"wp:attachment":[{"href":"https:\/\/heinrichschulte.de\/index.php?rest_route=%2Fwp%2Fv2%2Fmedia&parent=2022"}],"curies":[{"name":"wp","href":"https:\/\/api.w.org\/{rel}","templated":true}]}}