{"id":2264,"date":"2023-12-08T09:57:30","date_gmt":"2023-12-08T09:57:30","guid":{"rendered":"https:\/\/heinrichschulte.de\/?product=wintec-einlegeboden-fuer-himalaya-weiss"},"modified":"2025-04-25T07:55:26","modified_gmt":"2025-04-25T07:55:26","slug":"wintec-einlegeboden-fuer-himalaya-weiss","status":"publish","type":"product","link":"https:\/\/heinrichschulte.de\/?product=wintec-einlegeboden-fuer-himalaya-weiss","title":{"rendered":"wintec Einlegeboden f\u00fcr Himalaya, wei\u00df"},"content":{"rendered":"<p><script>jQuery(document).ready(function(){jQuery('.selector').hover(function() {jQuery('.feature-value').text(jQuery(this).attr('data-value'));},function() {jQuery('.feature-value').text(jQuery('.feature-value').attr('data-default-value'));});});<\/script><\/p>\n<nav class=\"navbar\"><span>Oberfl\u00e4che<\/span><span class=\"feature-value\" data-default-value=\"wei\u00df\">wei\u00df<\/span><\/p>\n<ul>\n<li class=\"dot\"><a class=\"selector\" data-value=\"\" href = \"https:\/\/heinrichschulte.de\/?product=wintec-einlegeboden-fuer-himalaya-edelstahl\n\"><span class=\"\"><\/span><\/a><\/li>\n<li class=\"dot\"><a class=\"selector\" data-value=\"gr\u00fcn matt\" href = \"https:\/\/heinrichschulte.de\/?product=wintec-einlegeboden-fuer-himalaya-glas-gruen-matt\n\"><span class=\"gr\u00fcn matt\"><\/span><\/a><\/li>\n<li class=\"dot\"><a class=\"selector\" data-value=\"grau matt\" href = \"https:\/\/heinrichschulte.de\/?product=wintec-einlegeboden-fuer-himalaya-glas-grau-matt\n\"><span class=\"grau matt\"><\/span><\/a><\/li>\n<li class=\"dot\"><a class=\"selector\" data-value=\"grau\" href = \"https:\/\/heinrichschulte.de\/?product=wintec-einlegeboden-fuer-himalaya-grau\n\"><span class=\"grau\"><\/span><\/a><\/li>\n<li class=\"dot\"><a class=\"selector\" data-value=\"wei\u00df\" href = \"https:\/\/heinrichschulte.de\/?product=wintec-einlegeboden-fuer-himalaya-weiss\n\"><span class=\"wei\u00df\"><\/span><\/a><\/li>\n<\/ul>\n<\/nav>\n<div class=\"Combo_Bundt\">Variante<select onchange=\"location = this.value\"><option hidden disabled selected value>Variante w\u00e4hlen&#8230;<\/option><option value=\"https:\/\/heinrichschulte.de\/?product=wintec-einlegeboden-fuer-himalaya-edelstahl\n\">Edelstahl<\/option><option value=\"https:\/\/heinrichschulte.de\/?product=wintec-einlegeboden-fuer-himalaya-glas-gruen-matt\n\">Glas<\/option><option value=\"https:\/\/heinrichschulte.de\/?product=wintec-einlegeboden-fuer-himalaya-glas-grau-matt\n\">Glas<\/option><option value=\"https:\/\/heinrichschulte.de\/?product=wintec-einlegeboden-fuer-himalaya-grau\n\">kalkhaltiger Naturstein<\/option><option value=\"https:\/\/heinrichschulte.de\/?product=wintec-einlegeboden-fuer-himalaya-weiss\n\">kalkhaltiger Naturstein<\/option><\/select><\/div>\n","protected":false},"excerpt":{"rendered":"<p>Oberfl\u00e4chewei\u00df VarianteVariante w\u00e4hlen&#8230;EdelstahlGlasGlaskalkhaltiger Natursteinkalkhaltiger Naturstein<\/p>\n","protected":false},"featured_media":1287,"template":"","meta":[],"product_brand":[],"product_cat":[21,155,102,154,98],"product_tag":[53,157,107,156,103],"class_list":{"0":"post-2264","1":"product","2":"type-product","3":"status-publish","4":"has-post-thumbnail","6":"product_cat-manufaktur","7":"product_cat-manufaktur_natursteinbecken-mit-untergestell_wintec","8":"product_cat-manufaktur_wintec","9":"product_cat-natursteinbecken-mit-untergestell","10":"product_cat-wintec","11":"product_tag-manufaktur","12":"product_tag-manufaktur_natursteinbecken-mit-untergestell_wintec","13":"product_tag-manufaktur_wintec","14":"product_tag-natursteinbecken-mit-untergestell","15":"product_tag-wintec","17":"first","18":"instock","19":"shipping-taxable","20":"purchasable","21":"product-type-simple"},"aioseo_notices":[],"_links":{"self":[{"href":"https:\/\/heinrichschulte.de\/index.php?rest_route=\/wp\/v2\/product\/2264","targetHints":{"allow":["GET"]}}],"collection":[{"href":"https:\/\/heinrichschulte.de\/index.php?rest_route=\/wp\/v2\/product"}],"about":[{"href":"https:\/\/heinrichschulte.de\/index.php?rest_route=\/wp\/v2\/types\/product"}],"version-history":[{"count":10,"href":"https:\/\/heinrichschulte.de\/index.php?rest_route=\/wp\/v2\/product\/2264\/revisions"}],"predecessor-version":[{"id":16491,"href":"https:\/\/heinrichschulte.de\/index.php?rest_route=\/wp\/v2\/product\/2264\/revisions\/16491"}],"wp:featuredmedia":[{"embeddable":true,"href":"https:\/\/heinrichschulte.de\/index.php?rest_route=\/wp\/v2\/media\/1287"}],"wp:attachment":[{"href":"https:\/\/heinrichschulte.de\/index.php?rest_route=%2Fwp%2Fv2%2Fmedia&parent=2264"}],"wp:term":[{"taxonomy":"product_brand","embeddable":true,"href":"https:\/\/heinrichschulte.de\/index.php?rest_route=%2Fwp%2Fv2%2Fproduct_brand&post=2264"},{"taxonomy":"product_cat","embeddable":true,"href":"https:\/\/heinrichschulte.de\/index.php?rest_route=%2Fwp%2Fv2%2Fproduct_cat&post=2264"},{"taxonomy":"product_tag","embeddable":true,"href":"https:\/\/heinrichschulte.de\/index.php?rest_route=%2Fwp%2Fv2%2Fproduct_tag&post=2264"}],"curies":[{"name":"wp","href":"https:\/\/api.w.org\/{rel}","templated":true}]}}