{"id":2476,"date":"2023-12-08T09:58:37","date_gmt":"2023-12-08T09:58:37","guid":{"rendered":"https:\/\/heinrichschulte.de\/?product=wintec-waschtisch-trend-ii-ohne-hahnloch-grau"},"modified":"2025-04-25T07:55:26","modified_gmt":"2025-04-25T07:55:26","slug":"wintec-waschtisch-trend-ii-ohne-hahnloch-grau","status":"publish","type":"product","link":"https:\/\/heinrichschulte.de\/?product=wintec-waschtisch-trend-ii-ohne-hahnloch-grau","title":{"rendered":"wintec Waschtisch Trend II, ohne Hahnloch, grau"},"content":{"rendered":"<div class=\"Combo_Bundt\">Variante<select onchange=\"location = this.value\"><option hidden disabled selected value>Variante w\u00e4hlen&#8230;<\/option><option value=\"https:\/\/heinrichschulte.de\/?product=wintec-waschtisch-trend-ii-mit-hahnloch-grau\n\">mit Hahnlochohne \u00dcberlauf<\/option><option value=\"https:\/\/heinrichschulte.de\/?product=wintec-waschtisch-trend-ii-ohne-hahnloch-grau\n\">ohne Hahnlochohne \u00dcberlauf<\/option><\/select><\/div>\n","protected":false},"excerpt":{"rendered":"<p>VarianteVariante w\u00e4hlen&#8230;mit Hahnlochohne \u00dcberlaufohne Hahnlochohne \u00dcberlauf<\/p>\n","protected":false},"featured_media":1358,"template":"","meta":[],"product_brand":[],"product_cat":[21,155,102,154,98],"product_tag":[53,157,107,156,103],"class_list":{"0":"post-2476","1":"product","2":"type-product","3":"status-publish","4":"has-post-thumbnail","6":"product_cat-manufaktur","7":"product_cat-manufaktur_natursteinbecken-mit-untergestell_wintec","8":"product_cat-manufaktur_wintec","9":"product_cat-natursteinbecken-mit-untergestell","10":"product_cat-wintec","11":"product_tag-manufaktur","12":"product_tag-manufaktur_natursteinbecken-mit-untergestell_wintec","13":"product_tag-manufaktur_wintec","14":"product_tag-natursteinbecken-mit-untergestell","15":"product_tag-wintec","17":"first","18":"instock","19":"shipping-taxable","20":"purchasable","21":"product-type-simple"},"aioseo_notices":[],"_links":{"self":[{"href":"https:\/\/heinrichschulte.de\/index.php?rest_route=\/wp\/v2\/product\/2476","targetHints":{"allow":["GET"]}}],"collection":[{"href":"https:\/\/heinrichschulte.de\/index.php?rest_route=\/wp\/v2\/product"}],"about":[{"href":"https:\/\/heinrichschulte.de\/index.php?rest_route=\/wp\/v2\/types\/product"}],"version-history":[{"count":8,"href":"https:\/\/heinrichschulte.de\/index.php?rest_route=\/wp\/v2\/product\/2476\/revisions"}],"predecessor-version":[{"id":16493,"href":"https:\/\/heinrichschulte.de\/index.php?rest_route=\/wp\/v2\/product\/2476\/revisions\/16493"}],"wp:featuredmedia":[{"embeddable":true,"href":"https:\/\/heinrichschulte.de\/index.php?rest_route=\/wp\/v2\/media\/1358"}],"wp:attachment":[{"href":"https:\/\/heinrichschulte.de\/index.php?rest_route=%2Fwp%2Fv2%2Fmedia&parent=2476"}],"wp:term":[{"taxonomy":"product_brand","embeddable":true,"href":"https:\/\/heinrichschulte.de\/index.php?rest_route=%2Fwp%2Fv2%2Fproduct_brand&post=2476"},{"taxonomy":"product_cat","embeddable":true,"href":"https:\/\/heinrichschulte.de\/index.php?rest_route=%2Fwp%2Fv2%2Fproduct_cat&post=2476"},{"taxonomy":"product_tag","embeddable":true,"href":"https:\/\/heinrichschulte.de\/index.php?rest_route=%2Fwp%2Fv2%2Fproduct_tag&post=2476"}],"curies":[{"name":"wp","href":"https:\/\/api.w.org\/{rel}","templated":true}]}}