{"id":2670,"date":"2023-12-08T09:59:32","date_gmt":"2023-12-08T09:59:32","guid":{"rendered":"https:\/\/heinrichschulte.de\/?product=classic-line_2-unterputzventil-mit-loetanschluss-15-2"},"modified":"2025-04-25T07:54:55","modified_gmt":"2025-04-25T07:54:55","slug":"classic-line_2-unterputzventil-mit-loetanschluss-15-2","status":"publish","type":"product","link":"https:\/\/heinrichschulte.de\/?product=classic-line_2-unterputzventil-mit-loetanschluss-15-2","title":{"rendered":"classic-line_2 Unterputzventil mit L\u00f6tanschluss 15"},"content":{"rendered":"<div class=\"Combo_Bundt\">Variante<select onchange=\"location = this.value\"><option hidden disabled selected value>Variante w\u00e4hlen&#8230;<\/option><option value=\"https:\/\/heinrichschulte.de\/?product=classic-line_2-unterputzventil-mit-loetanschluss-15-2\n\">15 mm<\/option><option value=\"https:\/\/heinrichschulte.de\/?product=classic-line_2-unterputzventil-mit-loetanschluss-18-2\n\">18 mm<\/option><\/select><\/div>\n","protected":false},"excerpt":{"rendered":"<p>In hoher Qualit\u00e4t pr\u00e4zise gefertigt bietet dieses Unterputzventil universellen Einsatz f\u00fcr die Sanit\u00e4rinstallation. Qualit\u00e4tswerkstoffe aus Deutschland, die sowohl die Vorgaben der Trinkwasserverordnung als auch die des Umweltbundesamtes erf\u00fcllen, schaffen die Voraussetzung f\u00fcr gesundes Trinkwasser. Durch die lange Verzahnung der Steuerstange lassen sich unterschiedliche Einbautiefen durch Zwischenelemente ausgleichen und der Wandabstand der Sichtteile elegant anpassen. Alle Sicht- und Griffteile werden \u00fcber eine Rastbuchse sicher montiert. Die mitgelieferte Bauschutzkappe verhindert Verunreinigungen w\u00e4hrend der Installationsphase. <\/p>\n","protected":false},"featured_media":965,"template":"","meta":[],"product_brand":[],"product_cat":[32,204,203,31,205,206],"product_tag":[38,208,207,37,209,210],"class_list":{"0":"post-2670","1":"product","2":"type-product","3":"status-publish","4":"has-post-thumbnail","6":"product_cat-classic-line_2","7":"product_cat-einbausets","8":"product_cat-unterputzventile","9":"product_cat-zweigriff","10":"product_cat-zweigriff_einbausets_classic-line_2","11":"product_cat-zweigriff_unterputzventile_classic-line_2","12":"product_tag-classic-line_2","13":"product_tag-einbausets","14":"product_tag-unterputzventile","15":"product_tag-zweigriff","16":"product_tag-zweigriff_einbausets_classic-line_2","17":"product_tag-zweigriff_unterputzventile_classic-line_2","19":"first","20":"instock","21":"shipping-taxable","22":"purchasable","23":"product-type-simple"},"aioseo_notices":[],"_links":{"self":[{"href":"https:\/\/heinrichschulte.de\/index.php?rest_route=\/wp\/v2\/product\/2670","targetHints":{"allow":["GET"]}}],"collection":[{"href":"https:\/\/heinrichschulte.de\/index.php?rest_route=\/wp\/v2\/product"}],"about":[{"href":"https:\/\/heinrichschulte.de\/index.php?rest_route=\/wp\/v2\/types\/product"}],"version-history":[{"count":6,"href":"https:\/\/heinrichschulte.de\/index.php?rest_route=\/wp\/v2\/product\/2670\/revisions"}],"predecessor-version":[{"id":16366,"href":"https:\/\/heinrichschulte.de\/index.php?rest_route=\/wp\/v2\/product\/2670\/revisions\/16366"}],"wp:featuredmedia":[{"embeddable":true,"href":"https:\/\/heinrichschulte.de\/index.php?rest_route=\/wp\/v2\/media\/965"}],"wp:attachment":[{"href":"https:\/\/heinrichschulte.de\/index.php?rest_route=%2Fwp%2Fv2%2Fmedia&parent=2670"}],"wp:term":[{"taxonomy":"product_brand","embeddable":true,"href":"https:\/\/heinrichschulte.de\/index.php?rest_route=%2Fwp%2Fv2%2Fproduct_brand&post=2670"},{"taxonomy":"product_cat","embeddable":true,"href":"https:\/\/heinrichschulte.de\/index.php?rest_route=%2Fwp%2Fv2%2Fproduct_cat&post=2670"},{"taxonomy":"product_tag","embeddable":true,"href":"https:\/\/heinrichschulte.de\/index.php?rest_route=%2Fwp%2Fv2%2Fproduct_tag&post=2670"}],"curies":[{"name":"wp","href":"https:\/\/api.w.org\/{rel}","templated":true}]}}