{"id":2882,"date":"2023-12-08T10:01:00","date_gmt":"2023-12-08T10:01:00","guid":{"rendered":"https:\/\/heinrichschulte.de\/?product=verlaengerung-fuer-unterputzventil-40-fuer-verlaengerte-verzahnung"},"modified":"2025-04-25T07:54:56","modified_gmt":"2025-04-25T07:54:56","slug":"verlaengerung-fuer-unterputzventil-40-fuer-verlaengerte-verzahnung","status":"publish","type":"product","link":"https:\/\/heinrichschulte.de\/?product=verlaengerung-fuer-unterputzventil-40-fuer-verlaengerte-verzahnung","title":{"rendered":"Verl\u00e4ngerung f\u00fcr Unterputzventil 40, f\u00fcr verl\u00e4ngerte Verzahnung"},"content":{"rendered":"","protected":false},"excerpt":{"rendered":"","protected":false},"featured_media":719,"template":"","meta":[],"product_brand":[],"product_cat":[32,203,533,31,206,534],"product_tag":[38,207,535,37,210,536],"class_list":{"0":"post-2882","1":"product","2":"type-product","3":"status-publish","4":"has-post-thumbnail","6":"product_cat-classic-line_2","7":"product_cat-unterputzventile","8":"product_cat-verlaengerungen","9":"product_cat-zweigriff","10":"product_cat-zweigriff_unterputzventile_classic-line_2","11":"product_cat-zweigriff_verlaengerungen_classic-line_2","12":"product_tag-classic-line_2","13":"product_tag-unterputzventile","14":"product_tag-verlaengerungen","15":"product_tag-zweigriff","16":"product_tag-zweigriff_unterputzventile_classic-line_2","17":"product_tag-zweigriff_verlaengerungen_classic-line_2","19":"first","20":"instock","21":"shipping-taxable","22":"purchasable","23":"product-type-simple"},"aioseo_notices":[],"_links":{"self":[{"href":"https:\/\/heinrichschulte.de\/index.php?rest_route=\/wp\/v2\/product\/2882","targetHints":{"allow":["GET"]}}],"collection":[{"href":"https:\/\/heinrichschulte.de\/index.php?rest_route=\/wp\/v2\/product"}],"about":[{"href":"https:\/\/heinrichschulte.de\/index.php?rest_route=\/wp\/v2\/types\/product"}],"version-history":[{"count":1,"href":"https:\/\/heinrichschulte.de\/index.php?rest_route=\/wp\/v2\/product\/2882\/revisions"}],"predecessor-version":[{"id":4190,"href":"https:\/\/heinrichschulte.de\/index.php?rest_route=\/wp\/v2\/product\/2882\/revisions\/4190"}],"wp:featuredmedia":[{"embeddable":true,"href":"https:\/\/heinrichschulte.de\/index.php?rest_route=\/wp\/v2\/media\/719"}],"wp:attachment":[{"href":"https:\/\/heinrichschulte.de\/index.php?rest_route=%2Fwp%2Fv2%2Fmedia&parent=2882"}],"wp:term":[{"taxonomy":"product_brand","embeddable":true,"href":"https:\/\/heinrichschulte.de\/index.php?rest_route=%2Fwp%2Fv2%2Fproduct_brand&post=2882"},{"taxonomy":"product_cat","embeddable":true,"href":"https:\/\/heinrichschulte.de\/index.php?rest_route=%2Fwp%2Fv2%2Fproduct_cat&post=2882"},{"taxonomy":"product_tag","embeddable":true,"href":"https:\/\/heinrichschulte.de\/index.php?rest_route=%2Fwp%2Fv2%2Fproduct_tag&post=2882"}],"curies":[{"name":"wp","href":"https:\/\/api.w.org\/{rel}","templated":true}]}}