{"id":2933,"date":"2023-12-08T10:01:25","date_gmt":"2023-12-08T10:01:25","guid":{"rendered":"https:\/\/heinrichschulte.de\/?product=sichtteile-fuer-alle-up-ventil-groessen-mit-geschlossener-kappe"},"modified":"2025-04-25T07:54:48","modified_gmt":"2025-04-25T07:54:48","slug":"sichtteile-fuer-alle-up-ventil-groessen-mit-geschlossener-kappe","status":"publish","type":"product","link":"https:\/\/heinrichschulte.de\/?product=sichtteile-fuer-alle-up-ventil-groessen-mit-geschlossener-kappe","title":{"rendered":"Sichtteile f\u00fcr alle UP-Ventil Gr\u00f6\u00dfen mit geschlossener Kappe"},"content":{"rendered":"","protected":false},"excerpt":{"rendered":"","protected":false},"featured_media":914,"template":"","meta":[],"product_brand":[],"product_cat":[32,261,203,31,515,206],"product_tag":[38,263,207,37,516,210],"class_list":{"0":"post-2933","1":"product","2":"type-product","3":"status-publish","4":"has-post-thumbnail","6":"product_cat-classic-line_2","7":"product_cat-fertigbausets","8":"product_cat-unterputzventile","9":"product_cat-zweigriff","10":"product_cat-zweigriff_fertigbausets_classic-line_2","11":"product_cat-zweigriff_unterputzventile_classic-line_2","12":"product_tag-classic-line_2","13":"product_tag-fertigbausets","14":"product_tag-unterputzventile","15":"product_tag-zweigriff","16":"product_tag-zweigriff_fertigbausets_classic-line_2","17":"product_tag-zweigriff_unterputzventile_classic-line_2","19":"first","20":"instock","21":"shipping-taxable","22":"purchasable","23":"product-type-simple"},"aioseo_notices":[],"_links":{"self":[{"href":"https:\/\/heinrichschulte.de\/index.php?rest_route=\/wp\/v2\/product\/2933","targetHints":{"allow":["GET"]}}],"collection":[{"href":"https:\/\/heinrichschulte.de\/index.php?rest_route=\/wp\/v2\/product"}],"about":[{"href":"https:\/\/heinrichschulte.de\/index.php?rest_route=\/wp\/v2\/types\/product"}],"version-history":[{"count":1,"href":"https:\/\/heinrichschulte.de\/index.php?rest_route=\/wp\/v2\/product\/2933\/revisions"}],"predecessor-version":[{"id":4261,"href":"https:\/\/heinrichschulte.de\/index.php?rest_route=\/wp\/v2\/product\/2933\/revisions\/4261"}],"wp:featuredmedia":[{"embeddable":true,"href":"https:\/\/heinrichschulte.de\/index.php?rest_route=\/wp\/v2\/media\/914"}],"wp:attachment":[{"href":"https:\/\/heinrichschulte.de\/index.php?rest_route=%2Fwp%2Fv2%2Fmedia&parent=2933"}],"wp:term":[{"taxonomy":"product_brand","embeddable":true,"href":"https:\/\/heinrichschulte.de\/index.php?rest_route=%2Fwp%2Fv2%2Fproduct_brand&post=2933"},{"taxonomy":"product_cat","embeddable":true,"href":"https:\/\/heinrichschulte.de\/index.php?rest_route=%2Fwp%2Fv2%2Fproduct_cat&post=2933"},{"taxonomy":"product_tag","embeddable":true,"href":"https:\/\/heinrichschulte.de\/index.php?rest_route=%2Fwp%2Fv2%2Fproduct_tag&post=2933"}],"curies":[{"name":"wp","href":"https:\/\/api.w.org\/{rel}","templated":true}]}}