{"id":3058,"date":"2023-12-08T10:02:13","date_gmt":"2023-12-08T10:02:13","guid":{"rendered":"https:\/\/heinrichschulte.de\/?product=classic-line_2-standhahn-1-2-mit-griff-classic-warm"},"modified":"2025-04-25T07:53:44","modified_gmt":"2025-04-25T07:53:44","slug":"classic-line_2-standhahn-1-2-mit-griff-classic-warm","status":"publish","type":"product","link":"https:\/\/heinrichschulte.de\/?product=classic-line_2-standhahn-1-2-mit-griff-classic-warm","title":{"rendered":"classic-line_2 Standhahn 1\/2&#8243; mit Griff Classic, warm"},"content":{"rendered":"<div class=\"Combo_Bundt\">Variante<select onchange=\"location = this.value\"><option hidden disabled selected value>Variante w\u00e4hlen&#8230;<\/option><option value=\"https:\/\/heinrichschulte.de\/?product=classic-line_2-standhahn-1-2-mit-griff-classic-kalt\n\">Classickalt<\/option><option value=\"https:\/\/heinrichschulte.de\/?product=classic-line_2-standhahn-1-2-mit-griff-classic-warm\n\">Classicwarm<\/option><\/select><\/div>\n","protected":false},"excerpt":{"rendered":"<p>Geschmeidig verbindet sich der Armaturenk\u00f6rper mit dem an der Oberfl\u00e4che glatt gestalteten Auslauf zu einer homogenen Gesamterscheinung. Die brillante Chromoberfl\u00e4che unterstreicht wirkungsvoll die Sch\u00f6nheit dieser Armatur. Die Griffvariante &#8222;Classic&#8220; vereint in ihrer nach oben aufschwingenden Form haptisch und \u00e4sthetisch ausgewogen rutschhemmende Details zur sicheren Bedienung. \u00dcber eine spezielle Schaftverschraubung wird diese Armatur sehr stabil montiert. <\/p>\n","protected":false},"featured_media":761,"template":"","meta":[],"product_brand":[],"product_cat":[32,33,34,31,36,35],"product_tag":[38,39,40,37,42,41],"class_list":{"0":"post-3058","1":"product","2":"type-product","3":"status-publish","4":"has-post-thumbnail","6":"product_cat-classic-line_2","7":"product_cat-classic-line_2-bad","8":"product_cat-waschtischarmaturen","9":"product_cat-zweigriff","10":"product_cat-zweigriff_badarmaturen_classic-line_2","11":"product_cat-zweigriff_waschtischarmaturen_classic-line_2","12":"product_tag-classic-line_2","13":"product_tag-classic-line_2-bad","14":"product_tag-waschtischarmaturen","15":"product_tag-zweigriff","16":"product_tag-zweigriff_badarmaturen_classic-line_2","17":"product_tag-zweigriff_waschtischarmaturen_classic-line_2","19":"first","20":"instock","21":"shipping-taxable","22":"purchasable","23":"product-type-simple"},"aioseo_notices":[],"_links":{"self":[{"href":"https:\/\/heinrichschulte.de\/index.php?rest_route=\/wp\/v2\/product\/3058","targetHints":{"allow":["GET"]}}],"collection":[{"href":"https:\/\/heinrichschulte.de\/index.php?rest_route=\/wp\/v2\/product"}],"about":[{"href":"https:\/\/heinrichschulte.de\/index.php?rest_route=\/wp\/v2\/types\/product"}],"version-history":[{"count":8,"href":"https:\/\/heinrichschulte.de\/index.php?rest_route=\/wp\/v2\/product\/3058\/revisions"}],"predecessor-version":[{"id":16069,"href":"https:\/\/heinrichschulte.de\/index.php?rest_route=\/wp\/v2\/product\/3058\/revisions\/16069"}],"wp:featuredmedia":[{"embeddable":true,"href":"https:\/\/heinrichschulte.de\/index.php?rest_route=\/wp\/v2\/media\/761"}],"wp:attachment":[{"href":"https:\/\/heinrichschulte.de\/index.php?rest_route=%2Fwp%2Fv2%2Fmedia&parent=3058"}],"wp:term":[{"taxonomy":"product_brand","embeddable":true,"href":"https:\/\/heinrichschulte.de\/index.php?rest_route=%2Fwp%2Fv2%2Fproduct_brand&post=3058"},{"taxonomy":"product_cat","embeddable":true,"href":"https:\/\/heinrichschulte.de\/index.php?rest_route=%2Fwp%2Fv2%2Fproduct_cat&post=3058"},{"taxonomy":"product_tag","embeddable":true,"href":"https:\/\/heinrichschulte.de\/index.php?rest_route=%2Fwp%2Fv2%2Fproduct_tag&post=3058"}],"curies":[{"name":"wp","href":"https:\/\/api.w.org\/{rel}","templated":true}]}}