{"id":3277,"date":"2023-12-08T10:03:36","date_gmt":"2023-12-08T10:03:36","guid":{"rendered":"https:\/\/heinrichschulte.de\/?product=wintec-doppelwaschtisch-salonga-mit-hahnloch-grau"},"modified":"2025-04-25T07:55:30","modified_gmt":"2025-04-25T07:55:30","slug":"wintec-doppelwaschtisch-salonga-mit-hahnloch-grau","status":"publish","type":"product","link":"https:\/\/heinrichschulte.de\/?product=wintec-doppelwaschtisch-salonga-mit-hahnloch-grau","title":{"rendered":"wintec Doppelwaschtisch Salonga, mit Hahnloch, grau"},"content":{"rendered":"<div class=\"Combo_Bundt\">Variante<select onchange=\"location = this.value\"><option hidden disabled selected value>Variante w\u00e4hlen&#8230;<\/option><option value=\"https:\/\/heinrichschulte.de\/?product=wintec-doppelwaschtisch-salonga-mit-hahnloch-grau\n\">mit Hahnlochohne \u00dcberlauf<\/option><option value=\"https:\/\/heinrichschulte.de\/?product=wintec-doppelwaschtisch-salonga-ohne-hahnloch-grau\n\">ohne Hahnlochohne \u00dcberlauf<\/option><\/select><\/div>\n","protected":false},"excerpt":{"rendered":"<p>VarianteVariante w\u00e4hlen&#8230;mit Hahnlochohne \u00dcberlaufohne Hahnlochohne \u00dcberlauf<\/p>\n","protected":false},"featured_media":1377,"template":"","meta":[],"product_brand":[],"product_cat":[21,155,102,154,98],"product_tag":[53,157,107,156,103],"class_list":{"0":"post-3277","1":"product","2":"type-product","3":"status-publish","4":"has-post-thumbnail","6":"product_cat-manufaktur","7":"product_cat-manufaktur_natursteinbecken-mit-untergestell_wintec","8":"product_cat-manufaktur_wintec","9":"product_cat-natursteinbecken-mit-untergestell","10":"product_cat-wintec","11":"product_tag-manufaktur","12":"product_tag-manufaktur_natursteinbecken-mit-untergestell_wintec","13":"product_tag-manufaktur_wintec","14":"product_tag-natursteinbecken-mit-untergestell","15":"product_tag-wintec","17":"first","18":"instock","19":"shipping-taxable","20":"purchasable","21":"product-type-simple"},"aioseo_notices":[],"_links":{"self":[{"href":"https:\/\/heinrichschulte.de\/index.php?rest_route=\/wp\/v2\/product\/3277","targetHints":{"allow":["GET"]}}],"collection":[{"href":"https:\/\/heinrichschulte.de\/index.php?rest_route=\/wp\/v2\/product"}],"about":[{"href":"https:\/\/heinrichschulte.de\/index.php?rest_route=\/wp\/v2\/types\/product"}],"version-history":[{"count":8,"href":"https:\/\/heinrichschulte.de\/index.php?rest_route=\/wp\/v2\/product\/3277\/revisions"}],"predecessor-version":[{"id":16515,"href":"https:\/\/heinrichschulte.de\/index.php?rest_route=\/wp\/v2\/product\/3277\/revisions\/16515"}],"wp:featuredmedia":[{"embeddable":true,"href":"https:\/\/heinrichschulte.de\/index.php?rest_route=\/wp\/v2\/media\/1377"}],"wp:attachment":[{"href":"https:\/\/heinrichschulte.de\/index.php?rest_route=%2Fwp%2Fv2%2Fmedia&parent=3277"}],"wp:term":[{"taxonomy":"product_brand","embeddable":true,"href":"https:\/\/heinrichschulte.de\/index.php?rest_route=%2Fwp%2Fv2%2Fproduct_brand&post=3277"},{"taxonomy":"product_cat","embeddable":true,"href":"https:\/\/heinrichschulte.de\/index.php?rest_route=%2Fwp%2Fv2%2Fproduct_cat&post=3277"},{"taxonomy":"product_tag","embeddable":true,"href":"https:\/\/heinrichschulte.de\/index.php?rest_route=%2Fwp%2Fv2%2Fproduct_tag&post=3277"}],"curies":[{"name":"wp","href":"https:\/\/api.w.org\/{rel}","templated":true}]}}